{"id":5247,"date":"2019-09-10T00:49:07","date_gmt":"2019-09-09T21:49:07","guid":{"rendered":"http:\/\/www.burhandadas.com\/?page_id=5247"},"modified":"2019-09-24T00:30:00","modified_gmt":"2019-09-23T21:30:00","slug":"neden-fonksiyonel-burun-estetigi","status":"publish","type":"page","link":"https:\/\/www.burhandadas.com\/en\/why-functional-nose-aesthetics\/","title":{"rendered":"Why Functional Rhinoplasty?"},"content":{"rendered":"","protected":false},"excerpt":{"rendered":"","protected":false},"author":1,"featured_media":0,"parent":0,"menu_order":0,"comment_status":"closed","ping_status":"closed","template":"","meta":{"footnotes":""},"yoast_head":"<!-- This site is optimized with the Yoast SEO plugin v15.8 - https:\/\/yoast.com\/wordpress\/plugins\/seo\/ -->\n<title>Prof Dr Burhan DADA\u015e ile Neden Fonksiyonel Burun Esteti\u011fi<\/title>\n<meta name=\"description\" content=\"Neden Fonksiyonel Burun Esteti\u011fi konusunda merak etti\u011finiz t\u00fcm sorular\u0131n\u0131z\u0131n cevaplar\u0131n\u0131 Prof Dr Burhan DADA\u015e&#039;a u\u015farak alabilirsiniz.\" \/>\n<meta name=\"robots\" content=\"index, follow, max-snippet:-1, max-image-preview:large, max-video-preview:-1\" \/>\n<link rel=\"canonical\" href=\"https:\/\/www.burhandadas.com\/en\/why-functional-nose-aesthetics\/\" \/>\n<meta property=\"og:locale\" content=\"en_US\" \/>\n<meta property=\"og:type\" content=\"article\" \/>\n<meta property=\"og:title\" content=\"Prof Dr Burhan DADA\u015e ile Neden Fonksiyonel Burun Esteti\u011fi\" \/>\n<meta property=\"og:description\" content=\"Neden Fonksiyonel Burun Esteti\u011fi konusunda merak etti\u011finiz t\u00fcm sorular\u0131n\u0131z\u0131n cevaplar\u0131n\u0131 Prof Dr Burhan DADA\u015e&#039;a u\u015farak alabilirsiniz.\" \/>\n<meta property=\"og:url\" content=\"https:\/\/www.burhandadas.com\/en\/why-functional-nose-aesthetics\/\" \/>\n<meta property=\"article:modified_time\" content=\"2019-09-23T21:30:00+00:00\" \/>\n<meta name=\"twitter:card\" content=\"summary_large_image\" \/>\n<script type=\"application\/ld+json\" class=\"yoast-schema-graph\">{\"@context\":\"https:\/\/schema.org\",\"@graph\":[{\"@type\":\"WebSite\",\"@id\":\"https:\/\/www.burhandadas.com\/#website\",\"url\":\"https:\/\/www.burhandadas.com\/\",\"name\":\"\",\"description\":\"\",\"potentialAction\":[{\"@type\":\"SearchAction\",\"target\":\"https:\/\/www.burhandadas.com\/?s={search_term_string}\",\"query-input\":\"required name=search_term_string\"}],\"inLanguage\":\"en-US\"},{\"@type\":\"WebPage\",\"@id\":\"https:\/\/www.burhandadas.com\/neden-fonksiyonel-burun-estetigi\/#webpage\",\"url\":\"https:\/\/www.burhandadas.com\/neden-fonksiyonel-burun-estetigi\/\",\"name\":\"Prof Dr Burhan DADA\\u015e ile Neden Fonksiyonel Burun Esteti\\u011fi\",\"isPartOf\":{\"@id\":\"https:\/\/www.burhandadas.com\/#website\"},\"datePublished\":\"2019-09-09T21:49:07+00:00\",\"dateModified\":\"2019-09-23T21:30:00+00:00\",\"description\":\"Neden Fonksiyonel Burun Esteti\\u011fi konusunda merak etti\\u011finiz t\\u00fcm sorular\\u0131n\\u0131z\\u0131n cevaplar\\u0131n\\u0131 Prof Dr Burhan DADA\\u015e'a u\\u015farak alabilirsiniz.\",\"breadcrumb\":{\"@id\":\"https:\/\/www.burhandadas.com\/neden-fonksiyonel-burun-estetigi\/#breadcrumb\"},\"inLanguage\":\"en-US\",\"potentialAction\":[{\"@type\":\"ReadAction\",\"target\":[\"https:\/\/www.burhandadas.com\/neden-fonksiyonel-burun-estetigi\/\"]}]},{\"@type\":\"BreadcrumbList\",\"@id\":\"https:\/\/www.burhandadas.com\/neden-fonksiyonel-burun-estetigi\/#breadcrumb\",\"itemListElement\":[{\"@type\":\"ListItem\",\"position\":1,\"item\":{\"@type\":\"WebPage\",\"@id\":\"https:\/\/www.burhandadas.com\/\",\"url\":\"https:\/\/www.burhandadas.com\/\",\"name\":\"Ana sayfa\"}},{\"@type\":\"ListItem\",\"position\":2,\"item\":{\"@type\":\"WebPage\",\"@id\":\"https:\/\/www.burhandadas.com\/neden-fonksiyonel-burun-estetigi\/\",\"url\":\"https:\/\/www.burhandadas.com\/neden-fonksiyonel-burun-estetigi\/\",\"name\":\"Neden Fonksiyonel Burun Esteti\\u011fi\"}}]}]}<\/script>\n<!-- \/ Yoast SEO plugin. -->","_links":{"self":[{"href":"https:\/\/www.burhandadas.com\/en\/wp-json\/wp\/v2\/pages\/5247"}],"collection":[{"href":"https:\/\/www.burhandadas.com\/en\/wp-json\/wp\/v2\/pages"}],"about":[{"href":"https:\/\/www.burhandadas.com\/en\/wp-json\/wp\/v2\/types\/page"}],"author":[{"embeddable":true,"href":"https:\/\/www.burhandadas.com\/en\/wp-json\/wp\/v2\/users\/1"}],"replies":[{"embeddable":true,"href":"https:\/\/www.burhandadas.com\/en\/wp-json\/wp\/v2\/comments?post=5247"}],"version-history":[{"count":3,"href":"https:\/\/www.burhandadas.com\/en\/wp-json\/wp\/v2\/pages\/5247\/revisions"}],"predecessor-version":[{"id":5498,"href":"https:\/\/www.burhandadas.com\/en\/wp-json\/wp\/v2\/pages\/5247\/revisions\/5498"}],"wp:attachment":[{"href":"https:\/\/www.burhandadas.com\/en\/wp-json\/wp\/v2\/media?parent=5247"}],"curies":[{"name":"wp","href":"https:\/\/api.w.org\/{rel}","templated":true}]}}